{"id":118,"date":"2016-04-19T11:33:26","date_gmt":"2016-04-19T09:33:26","guid":{"rendered":"http:\/\/www.rie-wada.de\/?page_id=118"},"modified":"2016-06-19T12:51:58","modified_gmt":"2016-06-19T10:51:58","slug":"werbung","status":"publish","type":"page","link":"https:\/\/www.riewada.de\/wordpress\/veroeffentlichungen\/werbung\/","title":{"rendered":"Werbung"},"content":{"rendered":"<p><code><div id=\"envira-gallery-wrap-156\" class=\"envira-gallery-wrap envira-gallery-theme-base envira-lightbox-theme-base\" itemscope itemtype=\"https:\/\/schema.org\/ImageGallery\"><div data-row-height=\"\" data-gallery-theme=\"\" id=\"envira-gallery-156\" class=\"envira-gallery-public  envira-gallery-3-columns envira-clear enviratope envira-gallery-css-animations\" data-envira-columns=\"3\"><div id=\"envira-gallery-item-628\" class=\"envira-gallery-item enviratope-item envira-gallery-item-1\" style=\"padding-left: 5px; padding-bottom: 10px; padding-right: 5px;\"  itemscope itemtype=\"https:\/\/schema.org\/ImageObject\"><div class=\"envira-gallery-item-inner\"><div class=\"envira-gallery-position-overlay  envira-gallery-top-left\"><\/div><div class=\"envira-gallery-position-overlay  envira-gallery-top-right\"><\/div><div class=\"envira-gallery-position-overlay  envira-gallery-bottom-left\"><\/div><div class=\"envira-gallery-position-overlay  envira-gallery-bottom-right\"><\/div><a href=\"http:\/\/www.riewada.de\/wordpress\/wp-content\/uploads\/2016\/04\/werb_06-1.jpg\" class=\"envira-gallery-156 envira-gallery-link\" rel=\"enviragallery156\" title=\"Anzeige von Takeda Pharmaceutical im Time Magazin, 24.3.2008,mit einer Kalligraphie Rie Wadas\" data-envira-caption=\"Anzeige von Takeda Pharmaceutical im Time Magazin, 24.3.2008,mit einer Kalligraphie Rie Wadas\" data-envira-retina=\"\" data-thumbnail=\"\"  itemprop=\"contentUrl\"><img decoding=\"async\" id=\"envira-gallery-image-628\" class=\"envira-gallery-image envira-gallery-image-1\" data-envira-index=\"1\" src=\"https:\/\/www.riewada.de\/wordpress\/wp-content\/uploads\/2016\/04\/werb_06-1-960x300.jpg\" data-envira-src=\"https:\/\/www.riewada.de\/wordpress\/wp-content\/uploads\/2016\/04\/werb_06-1-960x300.jpg\" data-envira-gallery-id=\"156\" data-envira-item-id=\"628\" data-envira-caption=\"Anzeige von Takeda Pharmaceutical im Time Magazin, 24.3.2008,mit einer Kalligraphie Rie Wadas\" alt=\"Anzeige von Takeda Pharmaceutical im Time Magazin\" title=\"Anzeige von Takeda Pharmaceutical im Time Magazin, 24.3.2008,mit einer Kalligraphie Rie Wadas\"  itemprop=\"thumbnailUrl\" data-envira-srcset=\"https:\/\/www.riewada.de\/wordpress\/wp-content\/uploads\/2016\/04\/werb_06-1-960x300.jpg 400w,https:\/\/www.riewada.de\/wordpress\/wp-content\/uploads\/2016\/04\/werb_06-1-960x300.jpg 2x\" srcset=\"https:\/\/www.riewada.de\/wordpress\/wp-content\/uploads\/2016\/04\/werb_06-1-1920x600.jpg 2x\" \/><\/a><\/div><\/div><div id=\"envira-gallery-item-629\" class=\"envira-gallery-item enviratope-item envira-gallery-item-2\" style=\"padding-left: 5px; padding-bottom: 10px; padding-right: 5px;\"  itemscope itemtype=\"https:\/\/schema.org\/ImageObject\"><div class=\"envira-gallery-item-inner\"><div class=\"envira-gallery-position-overlay  envira-gallery-top-left\"><\/div><div class=\"envira-gallery-position-overlay  envira-gallery-top-right\"><\/div><div class=\"envira-gallery-position-overlay  envira-gallery-bottom-left\"><\/div><div class=\"envira-gallery-position-overlay  envira-gallery-bottom-right\"><\/div><a href=\"http:\/\/www.riewada.de\/wordpress\/wp-content\/uploads\/2016\/04\/werb_07-1.jpg\" class=\"envira-gallery-156 envira-gallery-link\" rel=\"enviragallery156\" title=\"Anzeige von Takeda Pharma im Stadtmagazin Bad Aachen, Mai 2008  mit einer Kalligraphie Rie Wadas\" data-envira-caption=\"Anzeige von Takeda Pharma im Stadtmagazin Bad Aachen, Mai 2008  mit einer Kalligraphie Rie Wadas\" data-envira-retina=\"\" data-thumbnail=\"\"  itemprop=\"contentUrl\"><img decoding=\"async\" id=\"envira-gallery-image-629\" class=\"envira-gallery-image envira-gallery-image-2\" data-envira-index=\"2\" src=\"https:\/\/www.riewada.de\/wordpress\/wp-content\/uploads\/2016\/04\/werb_07-1-960x300.jpg\" data-envira-src=\"https:\/\/www.riewada.de\/wordpress\/wp-content\/uploads\/2016\/04\/werb_07-1-960x300.jpg\" data-envira-gallery-id=\"156\" data-envira-item-id=\"629\" data-envira-caption=\"Anzeige von Takeda Pharma im Stadtmagazin Bad Aachen, Mai 2008  mit einer Kalligraphie Rie Wadas\" alt=\"Anzeige von Takeda Pharma im Stadtmagazin Bad Aachen\" title=\"Anzeige von Takeda Pharma im Stadtmagazin Bad Aachen, Mai 2008  mit einer Kalligraphie Rie Wadas\"  itemprop=\"thumbnailUrl\" data-envira-srcset=\"https:\/\/www.riewada.de\/wordpress\/wp-content\/uploads\/2016\/04\/werb_07-1-960x300.jpg 400w,https:\/\/www.riewada.de\/wordpress\/wp-content\/uploads\/2016\/04\/werb_07-1-960x300.jpg 2x\" srcset=\"https:\/\/www.riewada.de\/wordpress\/wp-content\/uploads\/2016\/04\/werb_07-1-1920x600.jpg 2x\" \/><\/a><\/div><\/div><div id=\"envira-gallery-item-630\" class=\"envira-gallery-item enviratope-item envira-gallery-item-3\" style=\"padding-left: 5px; padding-bottom: 10px; padding-right: 5px;\"  itemscope itemtype=\"https:\/\/schema.org\/ImageObject\"><div class=\"envira-gallery-item-inner\"><div class=\"envira-gallery-position-overlay  envira-gallery-top-left\"><\/div><div class=\"envira-gallery-position-overlay  envira-gallery-top-right\"><\/div><div class=\"envira-gallery-position-overlay  envira-gallery-bottom-left\"><\/div><div class=\"envira-gallery-position-overlay  envira-gallery-bottom-right\"><\/div><a href=\"http:\/\/www.riewada.de\/wordpress\/wp-content\/uploads\/2016\/04\/werb_03-1.jpg\" class=\"envira-gallery-156 envira-gallery-link\" rel=\"enviragallery156\" title=\"Einladungskarte f&uuml;r eine Ausstellung, 1994 Foto: Dreidimensionales Bild aus Pappe, 70 x 100 x 10 cmKalligraphie: Herzklopfen\" data-envira-caption=\"Einladungskarte f&uuml;r eine Ausstellung, 1994 Foto: Dreidimensionales Bild aus Pappe, 70 x 100 x 10 cmKalligraphie: Herzklopfen\" data-envira-retina=\"\" data-thumbnail=\"\"  itemprop=\"contentUrl\"><img decoding=\"async\" id=\"envira-gallery-image-630\" class=\"envira-gallery-image envira-gallery-image-3\" data-envira-index=\"3\" src=\"https:\/\/www.riewada.de\/wordpress\/wp-content\/uploads\/2016\/04\/werb_03-1-960x300.jpg\" data-envira-src=\"https:\/\/www.riewada.de\/wordpress\/wp-content\/uploads\/2016\/04\/werb_03-1-960x300.jpg\" data-envira-gallery-id=\"156\" data-envira-item-id=\"630\" data-envira-caption=\"Einladungskarte f&uuml;r eine Ausstellung, 1994 Foto: Dreidimensionales Bild aus Pappe, 70 x 100 x 10 cmKalligraphie: Herzklopfen\" alt=\"Einladungskarte f\u00fcr eine Ausstellung, 1994\" title=\"Einladungskarte f&amp;uuml;r eine Ausstellung, 1994 Foto: Dreidimensionales Bild aus Pappe, 70 x 100 x 10 cmKalligraphie: Herzklopfen\"  itemprop=\"thumbnailUrl\" data-envira-srcset=\"https:\/\/www.riewada.de\/wordpress\/wp-content\/uploads\/2016\/04\/werb_03-1-960x300.jpg 400w,https:\/\/www.riewada.de\/wordpress\/wp-content\/uploads\/2016\/04\/werb_03-1-960x300.jpg 2x\" srcset=\"https:\/\/www.riewada.de\/wordpress\/wp-content\/uploads\/2016\/04\/werb_03-1-1920x600.jpg 2x\" \/><\/a><\/div><\/div><div id=\"envira-gallery-item-631\" class=\"envira-gallery-item enviratope-item envira-gallery-item-4\" style=\"padding-left: 5px; padding-bottom: 10px; padding-right: 5px;\"  itemscope itemtype=\"https:\/\/schema.org\/ImageObject\"><div class=\"envira-gallery-item-inner\"><div class=\"envira-gallery-position-overlay  envira-gallery-top-left\"><\/div><div class=\"envira-gallery-position-overlay  envira-gallery-top-right\"><\/div><div class=\"envira-gallery-position-overlay  envira-gallery-bottom-left\"><\/div><div class=\"envira-gallery-position-overlay  envira-gallery-bottom-right\"><\/div><a href=\"http:\/\/www.riewada.de\/wordpress\/wp-content\/uploads\/2016\/04\/werb_04-1.jpg\" class=\"envira-gallery-156 envira-gallery-link\" rel=\"enviragallery156\" title=\"CD-Cover f&uuml;r Trio MusArto, 2003\" data-envira-caption=\"CD-Cover f&uuml;r Trio MusArto, 2003\" data-envira-retina=\"\" data-thumbnail=\"\"  itemprop=\"contentUrl\"><img decoding=\"async\" id=\"envira-gallery-image-631\" class=\"envira-gallery-image envira-gallery-image-4\" data-envira-index=\"4\" src=\"https:\/\/www.riewada.de\/wordpress\/wp-content\/uploads\/2016\/04\/werb_04-1-960x300.jpg\" data-envira-src=\"https:\/\/www.riewada.de\/wordpress\/wp-content\/uploads\/2016\/04\/werb_04-1-960x300.jpg\" data-envira-gallery-id=\"156\" data-envira-item-id=\"631\" data-envira-caption=\"CD-Cover f&uuml;r Trio MusArto, 2003\" alt=\"CD-Cover f\u00fcr Trio MusArto, 2003\" title=\"CD-Cover f&amp;uuml;r Trio MusArto, 2003\"  itemprop=\"thumbnailUrl\" data-envira-srcset=\"https:\/\/www.riewada.de\/wordpress\/wp-content\/uploads\/2016\/04\/werb_04-1-960x300.jpg 400w,https:\/\/www.riewada.de\/wordpress\/wp-content\/uploads\/2016\/04\/werb_04-1-960x300.jpg 2x\" srcset=\"https:\/\/www.riewada.de\/wordpress\/wp-content\/uploads\/2016\/04\/werb_04-1-1920x600.jpg 2x\" \/><\/a><\/div><\/div><div id=\"envira-gallery-item-632\" class=\"envira-gallery-item enviratope-item envira-gallery-item-5\" style=\"padding-left: 5px; padding-bottom: 10px; padding-right: 5px;\"  itemscope itemtype=\"https:\/\/schema.org\/ImageObject\"><div class=\"envira-gallery-item-inner\"><div class=\"envira-gallery-position-overlay  envira-gallery-top-left\"><\/div><div class=\"envira-gallery-position-overlay  envira-gallery-top-right\"><\/div><div class=\"envira-gallery-position-overlay  envira-gallery-bottom-left\"><\/div><div class=\"envira-gallery-position-overlay  envira-gallery-bottom-right\"><\/div><a href=\"http:\/\/www.riewada.de\/wordpress\/wp-content\/uploads\/2016\/04\/werb_01-1.jpg\" class=\"envira-gallery-156 envira-gallery-link\" rel=\"enviragallery156\" title=\"Collaboration, 2003 Plakat f&uuml;r eine Painting-Performancemit dem Pianisten Matthias Scheffel\" data-envira-caption=\"Collaboration, 2003 Plakat f&uuml;r eine Painting-Performancemit dem Pianisten Matthias Scheffel\" data-envira-retina=\"\" data-thumbnail=\"\"  itemprop=\"contentUrl\"><img decoding=\"async\" id=\"envira-gallery-image-632\" class=\"envira-gallery-image envira-gallery-image-5\" data-envira-index=\"5\" src=\"https:\/\/www.riewada.de\/wordpress\/wp-content\/uploads\/2016\/04\/werb_01-1-960x300.jpg\" data-envira-src=\"https:\/\/www.riewada.de\/wordpress\/wp-content\/uploads\/2016\/04\/werb_01-1-960x300.jpg\" data-envira-gallery-id=\"156\" data-envira-item-id=\"632\" data-envira-caption=\"Collaboration, 2003 Plakat f&uuml;r eine Painting-Performancemit dem Pianisten Matthias Scheffel\" alt=\"Collaboration, 2003\" title=\"Collaboration, 2003 Plakat f&amp;uuml;r eine Painting-Performancemit dem Pianisten Matthias Scheffel\"  itemprop=\"thumbnailUrl\" data-envira-srcset=\"https:\/\/www.riewada.de\/wordpress\/wp-content\/uploads\/2016\/04\/werb_01-1-960x300.jpg 400w,https:\/\/www.riewada.de\/wordpress\/wp-content\/uploads\/2016\/04\/werb_01-1-960x300.jpg 2x\" srcset=\"https:\/\/www.riewada.de\/wordpress\/wp-content\/uploads\/2016\/04\/werb_01-1-1920x600.jpg 2x\" \/><\/a><\/div><\/div><\/div><\/div><noscript><img decoding=\"async\" src=\"https:\/\/www.riewada.de\/wordpress\/wp-content\/uploads\/2016\/04\/werb_06-1.jpg\" alt=\"Anzeige von Takeda Pharmaceutical im Time Magazin\" \/><img decoding=\"async\" src=\"https:\/\/www.riewada.de\/wordpress\/wp-content\/uploads\/2016\/04\/werb_07-1.jpg\" alt=\"Anzeige von Takeda Pharma im Stadtmagazin Bad Aachen\" \/><img decoding=\"async\" src=\"https:\/\/www.riewada.de\/wordpress\/wp-content\/uploads\/2016\/04\/werb_03-1.jpg\" alt=\"Einladungskarte f\u00fcr eine Ausstellung, 1994\" \/><img decoding=\"async\" src=\"https:\/\/www.riewada.de\/wordpress\/wp-content\/uploads\/2016\/04\/werb_04-1.jpg\" alt=\"CD-Cover f\u00fcr Trio MusArto, 2003\" \/><img decoding=\"async\" src=\"https:\/\/www.riewada.de\/wordpress\/wp-content\/uploads\/2016\/04\/werb_01-1.jpg\" alt=\"Collaboration, 2003\" \/><\/noscript><\/code><\/p>\n<h2>Kalligraphie und Malerei in der Werbung<\/h2>\n<p>Japanische Schriftzeichen sind wirkungsvolle Gestaltungselemente in der Werbung oder im Produktdesign.<\/p>\n<p>Verpackungen, Plakate, Buchgestaltung, Post- und Einladungskarten, Webseiten, Stoffe, Schilder, Lampenschirme und Paravents sind nur einige der vielf\u00e4ltigen Einsatzm\u00f6glichkeiten. Auf Wunsch k\u00f6nnen nach Ihren individuellen Bed\u00fcrfnissen japanische Schriftzeichen oder Kalligraphien f\u00fcr diese Zwecke angefertigt werden.<\/p>\n<p>Besonderen Anklang finden die Kalligraphievorf\u00fchrungen, die Rie Wada f\u00fcr Werbezwecke, Kulturveranstaltungen, Firmenfeiern und private Anl\u00e4sse anbietet. Dabei k\u00f6nnen Sie sich zum Beispiel Ihren Namen oder ein pers\u00f6nliches Gl\u00fcckswort wie Zen, Liebe und Gl\u00fcck in japanisch schreiben lassen.<\/p>\n<p>Auf dieser Seite finden Sie Fotos einer Kalligraphievorf\u00fchrung, und Sie k\u00f6nnen entdecken, welchen Effekt die abstrakte, kalligraphische Malerei Rie Wadas als Eyecatcher oder Hintergrundmotiv hat.<\/p>\n","protected":false},"excerpt":{"rendered":"<p>Kalligraphie und Malerei in der Werbung Japanische Schriftzeichen sind wirkungsvolle Gestaltungselemente in der Werbung oder im Produktdesign. Verpackungen, Plakate, Buchgestaltung, Post- und Einladungskarten, Webseiten, Stoffe, Schilder, Lampenschirme und Paravents sind nur einige der vielf\u00e4ltigen Einsatzm\u00f6glichkeiten. Auf Wunsch k\u00f6nnen nach Ihren individuellen Bed\u00fcrfnissen japanische Schriftzeichen oder Kalligraphien f\u00fcr diese Zwecke angefertigt werden. Besonderen Anklang finden die&#8230;<\/p>\n","protected":false},"author":1,"featured_media":0,"parent":96,"menu_order":55,"comment_status":"closed","ping_status":"closed","template":"","meta":{"footnotes":""},"class_list":["post-118","page","type-page","status-publish","hentry"],"_links":{"self":[{"href":"https:\/\/www.riewada.de\/wordpress\/wp-json\/wp\/v2\/pages\/118","targetHints":{"allow":["GET"]}}],"collection":[{"href":"https:\/\/www.riewada.de\/wordpress\/wp-json\/wp\/v2\/pages"}],"about":[{"href":"https:\/\/www.riewada.de\/wordpress\/wp-json\/wp\/v2\/types\/page"}],"author":[{"embeddable":true,"href":"https:\/\/www.riewada.de\/wordpress\/wp-json\/wp\/v2\/users\/1"}],"replies":[{"embeddable":true,"href":"https:\/\/www.riewada.de\/wordpress\/wp-json\/wp\/v2\/comments?post=118"}],"version-history":[{"count":5,"href":"https:\/\/www.riewada.de\/wordpress\/wp-json\/wp\/v2\/pages\/118\/revisions"}],"predecessor-version":[{"id":278,"href":"https:\/\/www.riewada.de\/wordpress\/wp-json\/wp\/v2\/pages\/118\/revisions\/278"}],"up":[{"embeddable":true,"href":"https:\/\/www.riewada.de\/wordpress\/wp-json\/wp\/v2\/pages\/96"}],"wp:attachment":[{"href":"https:\/\/www.riewada.de\/wordpress\/wp-json\/wp\/v2\/media?parent=118"}],"curies":[{"name":"wp","href":"https:\/\/api.w.org\/{rel}","templated":true}]}}