{"id":553,"date":"2018-06-13T19:33:00","date_gmt":"2018-06-13T17:33:00","guid":{"rendered":"http:\/\/www.riewada.de\/wordpress\/cookie-policy\/"},"modified":"2019-07-31T20:34:05","modified_gmt":"2019-07-31T18:34:05","slug":"cookie-policy","status":"publish","type":"page","link":"https:\/\/www.riewada.de\/wordpress\/cookie-policy\/","title":{"rendered":"Cookie Vereinbarung"},"content":{"rendered":"<div class=\"oSioSc\">\n<div id=\"tw-target\">\n<div id=\"kAz1tf\" class=\"g9WsWb\">\n<div id=\"tw-target-text-container\" class=\"tw-ta-container tw-nfl\">\n<p class=\"tw-data-text tw-ta tw-text-small\" dir=\"ltr\" data-placeholder=\"\u00dcbersetzung\"><span lang=\"de\" tabindex=\"0\">Diese Website verwendet Cookies &#8211; kleine Textdateien, die auf Ihrem Computer abgelegt werden, um die Benutzererfahrung zu verbessern. Im Allgemeinen werden Cookies verwendet, um Benutzereinstellungen zu speichern, Informationen f\u00fcr beispielsweise Warenk\u00f6rbe zu speichern und anonymisierte Tracking-Daten f\u00fcr Anwendungen von Drittanbietern wie Google Analytics bereitzustellen. Cookies verbessern in der Regel Ihre Browser-Erfahrung. Sie k\u00f6nnen es jedoch vorziehen, Cookies auf dieser Website und auf anderen zu deaktivieren. Am effektivsten ist es, Cookies in Ihrem Browser zu deaktivieren.\u00a0<\/span><span lang=\"de\" tabindex=\"0\">Wir empfehlen, den Hilfebereich Ihres Browsers zu konsultieren oder die Info Seite <\/span><a href=\"http:\/\/www.aboutcookies.org\">the About Cookies website<\/a> aufzurufen, die\u00a0<span lang=\"de\" tabindex=\"0\">die Anleitungen f\u00fcr alle modernen Browser bietet.<\/span><\/p>\n<\/div>\n<\/div>\n<\/div>\n<\/div>\n","protected":false},"excerpt":{"rendered":"<p>Diese Website verwendet Cookies &#8211; kleine Textdateien, die auf Ihrem Computer abgelegt werden, um die Benutzererfahrung zu verbessern. Im Allgemeinen werden Cookies verwendet, um Benutzereinstellungen zu speichern, Informationen f\u00fcr beispielsweise Warenk\u00f6rbe zu speichern und anonymisierte Tracking-Daten f\u00fcr Anwendungen von Drittanbietern wie Google Analytics bereitzustellen. Cookies verbessern in der Regel Ihre Browser-Erfahrung. Sie k\u00f6nnen es jedoch&#8230;<\/p>\n","protected":false},"author":1,"featured_media":0,"parent":0,"menu_order":0,"comment_status":"closed","ping_status":"closed","template":"","meta":{"footnotes":""},"class_list":["post-553","page","type-page","status-publish","hentry"],"_links":{"self":[{"href":"https:\/\/www.riewada.de\/wordpress\/wp-json\/wp\/v2\/pages\/553","targetHints":{"allow":["GET"]}}],"collection":[{"href":"https:\/\/www.riewada.de\/wordpress\/wp-json\/wp\/v2\/pages"}],"about":[{"href":"https:\/\/www.riewada.de\/wordpress\/wp-json\/wp\/v2\/types\/page"}],"author":[{"embeddable":true,"href":"https:\/\/www.riewada.de\/wordpress\/wp-json\/wp\/v2\/users\/1"}],"replies":[{"embeddable":true,"href":"https:\/\/www.riewada.de\/wordpress\/wp-json\/wp\/v2\/comments?post=553"}],"version-history":[{"count":2,"href":"https:\/\/www.riewada.de\/wordpress\/wp-json\/wp\/v2\/pages\/553\/revisions"}],"predecessor-version":[{"id":557,"href":"https:\/\/www.riewada.de\/wordpress\/wp-json\/wp\/v2\/pages\/553\/revisions\/557"}],"wp:attachment":[{"href":"https:\/\/www.riewada.de\/wordpress\/wp-json\/wp\/v2\/media?parent=553"}],"curies":[{"name":"wp","href":"https:\/\/api.w.org\/{rel}","templated":true}]}}