{"id":727,"date":"2025-04-24T15:11:07","date_gmt":"2025-04-24T13:11:07","guid":{"rendered":"https:\/\/www.riewada.de\/wordpress\/?page_id=727"},"modified":"2025-04-25T21:12:14","modified_gmt":"2025-04-25T19:12:14","slug":"index","status":"publish","type":"page","link":"https:\/\/www.riewada.de\/wordpress\/","title":{"rendered":"home"},"content":{"rendered":"\n<div class=\"wp-block-columns is-layout-flex wp-container-core-columns-is-layout-9d6595d7 wp-block-columns-is-layout-flex\">\n<div class=\"wp-block-column is-layout-flow wp-block-column-is-layout-flow\"><div class=\"wp-block-image\">\n<figure class=\"alignleft size-large\"><a href=\"https:\/\/www.riewada.de\/wordpress\/wp-content\/uploads\/2025\/04\/personal-pic-3.png\"><img loading=\"lazy\" decoding=\"async\" width=\"700\" height=\"962\" src=\"https:\/\/www.riewada.de\/wordpress\/wp-content\/uploads\/2025\/04\/personal-pic-3-700x962.png\" alt=\"\" class=\"wp-image-729\" srcset=\"https:\/\/www.riewada.de\/wordpress\/wp-content\/uploads\/2025\/04\/personal-pic-3-700x962.png 700w, https:\/\/www.riewada.de\/wordpress\/wp-content\/uploads\/2025\/04\/personal-pic-3-218x300.png 218w, https:\/\/www.riewada.de\/wordpress\/wp-content\/uploads\/2025\/04\/personal-pic-3.png 723w\" sizes=\"auto, (max-width: 700px) 100vw, 700px\" \/><\/a><figcaption class=\"wp-element-caption\">Shod\u014d &#8211; Der Weg der Schrift<\/figcaption><\/figure><\/div><\/div>\n\n\n\n<div class=\"wp-block-column is-layout-flow wp-block-column-is-layout-flow\">\n<h2 class=\"wp-block-heading has-vivid-red-color has-text-color has-link-color wp-elements-7f66c2d1dbd20a8de14b62bf77b3fd26\">RIE WADA<\/h2>\n\n\n\n<p class=\"has-text-align-left\" style=\"font-size:18px\"><strong>Japanische Kalligraphie | <\/strong><br><strong>Moderne Kunst<\/strong><\/p>\n\n\n\n<p style=\"font-size:21px\">Herzlich Willkommen!<br>Hier erleben Sie alles Wissenswerte \u00fcber die K\u00fcnstlerin, bekommen Einblicke in ihre Arbeiten und Ausstellungen und eine \u00dcbersicht \u00fcber das Kursangebot.<br><br>Viel Spa\u00df auf dem virtuellen Rundgang.<br><\/p>\n<\/div>\n<\/div>\n","protected":false},"excerpt":{"rendered":"<p>RIE WADA Japanische Kalligraphie | Moderne Kunst Herzlich Willkommen!Hier erleben Sie alles Wissenswerte \u00fcber die K\u00fcnstlerin, bekommen Einblicke in ihre Arbeiten und Ausstellungen und eine \u00dcbersicht \u00fcber das Kursangebot. Viel Spa\u00df auf dem virtuellen Rundgang.<\/p>\n","protected":false},"author":1,"featured_media":0,"parent":0,"menu_order":1,"comment_status":"closed","ping_status":"closed","template":"","meta":{"footnotes":""},"class_list":["post-727","page","type-page","status-publish","hentry"],"_links":{"self":[{"href":"https:\/\/www.riewada.de\/wordpress\/wp-json\/wp\/v2\/pages\/727","targetHints":{"allow":["GET"]}}],"collection":[{"href":"https:\/\/www.riewada.de\/wordpress\/wp-json\/wp\/v2\/pages"}],"about":[{"href":"https:\/\/www.riewada.de\/wordpress\/wp-json\/wp\/v2\/types\/page"}],"author":[{"embeddable":true,"href":"https:\/\/www.riewada.de\/wordpress\/wp-json\/wp\/v2\/users\/1"}],"replies":[{"embeddable":true,"href":"https:\/\/www.riewada.de\/wordpress\/wp-json\/wp\/v2\/comments?post=727"}],"version-history":[{"count":4,"href":"https:\/\/www.riewada.de\/wordpress\/wp-json\/wp\/v2\/pages\/727\/revisions"}],"predecessor-version":[{"id":747,"href":"https:\/\/www.riewada.de\/wordpress\/wp-json\/wp\/v2\/pages\/727\/revisions\/747"}],"wp:attachment":[{"href":"https:\/\/www.riewada.de\/wordpress\/wp-json\/wp\/v2\/media?parent=727"}],"curies":[{"name":"wp","href":"https:\/\/api.w.org\/{rel}","templated":true}]}}