{"id":96,"date":"2016-04-19T10:18:14","date_gmt":"2016-04-19T08:18:14","guid":{"rendered":"http:\/\/www.rie-wada.de\/?page_id=96"},"modified":"2016-06-19T12:51:16","modified_gmt":"2016-06-19T10:51:16","slug":"veroeffentlichungen","status":"publish","type":"page","link":"https:\/\/www.riewada.de\/wordpress\/veroeffentlichungen\/","title":{"rendered":"Ver\u00f6ffentlichungen"},"content":{"rendered":"<p class=\"norm\"><code><div id=\"envira-gallery-wrap-199\" class=\"envira-gallery-wrap envira-gallery-theme-base envira-lightbox-theme-base\" itemscope itemtype=\"https:\/\/schema.org\/ImageGallery\"><div data-row-height=\"\" data-gallery-theme=\"\" id=\"envira-gallery-199\" class=\"envira-gallery-public  envira-gallery-5-columns envira-clear enviratope envira-gallery-css-animations\" data-envira-columns=\"5\"><div id=\"envira-gallery-item-623\" class=\"envira-gallery-item enviratope-item envira-gallery-item-1\" style=\"padding-left: 5px; padding-bottom: 10px; padding-right: 5px;\"  itemscope itemtype=\"https:\/\/schema.org\/ImageObject\"><div class=\"envira-gallery-item-inner\"><div class=\"envira-gallery-position-overlay  envira-gallery-top-left\"><\/div><div class=\"envira-gallery-position-overlay  envira-gallery-top-right\"><\/div><div class=\"envira-gallery-position-overlay  envira-gallery-bottom-left\"><\/div><div class=\"envira-gallery-position-overlay  envira-gallery-bottom-right\"><\/div><a href=\"http:\/\/www.riewada.de\/wordpress\/wp-content\/uploads\/2016\/04\/Chinesische-Baner-1-1.jpg\" class=\"envira-gallery-199 envira-gallery-link\" rel=\"enviragallery199\" title=\"Chinesisches-Banner\" data-envira-caption=\"Chinesisches-Banner\" data-envira-retina=\"\" data-thumbnail=\"\"  itemprop=\"contentUrl\"><img decoding=\"async\" id=\"envira-gallery-image-623\" class=\"envira-gallery-image envira-gallery-image-1\" data-envira-index=\"1\" src=\"https:\/\/www.riewada.de\/wordpress\/wp-content\/uploads\/2016\/04\/Chinesische-Baner-1-1-300x300_c.jpg\" data-envira-src=\"https:\/\/www.riewada.de\/wordpress\/wp-content\/uploads\/2016\/04\/Chinesische-Baner-1-1-300x300_c.jpg\" data-envira-gallery-id=\"199\" data-envira-item-id=\"623\" data-envira-caption=\"Chinesisches-Banner\" alt=\"Chinesisches-Banner\" title=\"Chinesisches-Banner\"  itemprop=\"thumbnailUrl\" data-envira-srcset=\"https:\/\/www.riewada.de\/wordpress\/wp-content\/uploads\/2016\/04\/Chinesische-Baner-1-1-300x300_c.jpg 400w,https:\/\/www.riewada.de\/wordpress\/wp-content\/uploads\/2016\/04\/Chinesische-Baner-1-1-300x300_c.jpg 2x\" srcset=\"https:\/\/www.riewada.de\/wordpress\/wp-content\/uploads\/2016\/04\/Chinesische-Baner-1-1-600x600_c.jpg 2x\" \/><\/a><\/div><\/div><div id=\"envira-gallery-item-624\" class=\"envira-gallery-item enviratope-item envira-gallery-item-2\" style=\"padding-left: 5px; padding-bottom: 10px; padding-right: 5px;\"  itemscope itemtype=\"https:\/\/schema.org\/ImageObject\"><div class=\"envira-gallery-item-inner\"><div class=\"envira-gallery-position-overlay  envira-gallery-top-left\"><\/div><div class=\"envira-gallery-position-overlay  envira-gallery-top-right\"><\/div><div class=\"envira-gallery-position-overlay  envira-gallery-bottom-left\"><\/div><div class=\"envira-gallery-position-overlay  envira-gallery-bottom-right\"><\/div><a href=\"http:\/\/www.riewada.de\/wordpress\/wp-content\/uploads\/2016\/04\/IMG_0184-1.jpg\" class=\"envira-gallery-199 envira-gallery-link\" rel=\"enviragallery199\" title=\"Banner Japan Tag\" data-envira-caption=\"Banner Japan Tag\" data-envira-retina=\"\" data-thumbnail=\"\"  itemprop=\"contentUrl\"><img decoding=\"async\" id=\"envira-gallery-image-624\" class=\"envira-gallery-image envira-gallery-image-2\" data-envira-index=\"2\" src=\"https:\/\/www.riewada.de\/wordpress\/wp-content\/uploads\/2016\/04\/IMG_0184-1-300x300_c.jpg\" data-envira-src=\"https:\/\/www.riewada.de\/wordpress\/wp-content\/uploads\/2016\/04\/IMG_0184-1-300x300_c.jpg\" data-envira-gallery-id=\"199\" data-envira-item-id=\"624\" data-envira-caption=\"Banner Japan Tag\" alt=\"Banner Japan Tag\" title=\"Banner Japan Tag\"  itemprop=\"thumbnailUrl\" data-envira-srcset=\"https:\/\/www.riewada.de\/wordpress\/wp-content\/uploads\/2016\/04\/IMG_0184-1-300x300_c.jpg 400w,https:\/\/www.riewada.de\/wordpress\/wp-content\/uploads\/2016\/04\/IMG_0184-1-300x300_c.jpg 2x\" srcset=\"https:\/\/www.riewada.de\/wordpress\/wp-content\/uploads\/2016\/04\/IMG_0184-1-600x600_c.jpg 2x\" \/><\/a><\/div><\/div><div id=\"envira-gallery-item-625\" class=\"envira-gallery-item enviratope-item envira-gallery-item-3\" style=\"padding-left: 5px; padding-bottom: 10px; padding-right: 5px;\"  itemscope itemtype=\"https:\/\/schema.org\/ImageObject\"><div class=\"envira-gallery-item-inner\"><div class=\"envira-gallery-position-overlay  envira-gallery-top-left\"><\/div><div class=\"envira-gallery-position-overlay  envira-gallery-top-right\"><\/div><div class=\"envira-gallery-position-overlay  envira-gallery-bottom-left\"><\/div><div class=\"envira-gallery-position-overlay  envira-gallery-bottom-right\"><\/div><a href=\"http:\/\/www.riewada.de\/wordpress\/wp-content\/uploads\/2016\/04\/Museum-Kunstpalast-1-2.jpg\" class=\"envira-gallery-199 envira-gallery-link\" rel=\"enviragallery199\" title=\"Museum Kunstpalast\" data-envira-caption=\"Museum Kunstpalast\" data-envira-retina=\"\" data-thumbnail=\"\"  itemprop=\"contentUrl\"><img decoding=\"async\" id=\"envira-gallery-image-625\" class=\"envira-gallery-image envira-gallery-image-3\" data-envira-index=\"3\" src=\"https:\/\/www.riewada.de\/wordpress\/wp-content\/uploads\/2016\/04\/Museum-Kunstpalast-1-2-300x300_c.jpg\" data-envira-src=\"https:\/\/www.riewada.de\/wordpress\/wp-content\/uploads\/2016\/04\/Museum-Kunstpalast-1-2-300x300_c.jpg\" data-envira-gallery-id=\"199\" data-envira-item-id=\"625\" data-envira-caption=\"Museum Kunstpalast\" alt=\"Museum Kunstpalast\" title=\"Museum Kunstpalast\"  itemprop=\"thumbnailUrl\" data-envira-srcset=\"https:\/\/www.riewada.de\/wordpress\/wp-content\/uploads\/2016\/04\/Museum-Kunstpalast-1-2-300x300_c.jpg 400w,https:\/\/www.riewada.de\/wordpress\/wp-content\/uploads\/2016\/04\/Museum-Kunstpalast-1-2-300x300_c.jpg 2x\" srcset=\"https:\/\/www.riewada.de\/wordpress\/wp-content\/uploads\/2016\/04\/Museum-Kunstpalast-1-2-600x600_c.jpg 2x\" \/><\/a><\/div><\/div><div id=\"envira-gallery-item-626\" class=\"envira-gallery-item enviratope-item envira-gallery-item-4\" style=\"padding-left: 5px; padding-bottom: 10px; padding-right: 5px;\"  itemscope itemtype=\"https:\/\/schema.org\/ImageObject\"><div class=\"envira-gallery-item-inner\"><div class=\"envira-gallery-position-overlay  envira-gallery-top-left\"><\/div><div class=\"envira-gallery-position-overlay  envira-gallery-top-right\"><\/div><div class=\"envira-gallery-position-overlay  envira-gallery-bottom-left\"><\/div><div class=\"envira-gallery-position-overlay  envira-gallery-bottom-right\"><\/div><a href=\"http:\/\/www.riewada.de\/wordpress\/wp-content\/uploads\/2016\/04\/Museum-Kunstpalast2-2.jpg\" class=\"envira-gallery-199 envira-gallery-link\" rel=\"enviragallery199\" title=\"Museum Kunstpalast\" data-envira-caption=\"Museum Kunstpalast\" data-envira-retina=\"\" data-thumbnail=\"\"  itemprop=\"contentUrl\"><img decoding=\"async\" id=\"envira-gallery-image-626\" class=\"envira-gallery-image envira-gallery-image-4\" data-envira-index=\"4\" src=\"https:\/\/www.riewada.de\/wordpress\/wp-content\/uploads\/2016\/04\/Museum-Kunstpalast2-2-300x300_c.jpg\" data-envira-src=\"https:\/\/www.riewada.de\/wordpress\/wp-content\/uploads\/2016\/04\/Museum-Kunstpalast2-2-300x300_c.jpg\" data-envira-gallery-id=\"199\" data-envira-item-id=\"626\" data-envira-caption=\"Museum Kunstpalast\" alt=\"Museum Kunstpalast\" title=\"Museum Kunstpalast\"  itemprop=\"thumbnailUrl\" data-envira-srcset=\"https:\/\/www.riewada.de\/wordpress\/wp-content\/uploads\/2016\/04\/Museum-Kunstpalast2-2-300x300_c.jpg 400w,https:\/\/www.riewada.de\/wordpress\/wp-content\/uploads\/2016\/04\/Museum-Kunstpalast2-2-300x300_c.jpg 2x\" srcset=\"https:\/\/www.riewada.de\/wordpress\/wp-content\/uploads\/2016\/04\/Museum-Kunstpalast2-2-600x600_c.jpg 2x\" \/><\/a><\/div><\/div><div id=\"envira-gallery-item-627\" class=\"envira-gallery-item enviratope-item envira-gallery-item-5\" style=\"padding-left: 5px; padding-bottom: 10px; padding-right: 5px;\"  itemscope itemtype=\"https:\/\/schema.org\/ImageObject\"><div class=\"envira-gallery-item-inner\"><div class=\"envira-gallery-position-overlay  envira-gallery-top-left\"><\/div><div class=\"envira-gallery-position-overlay  envira-gallery-top-right\"><\/div><div class=\"envira-gallery-position-overlay  envira-gallery-bottom-left\"><\/div><div class=\"envira-gallery-position-overlay  envira-gallery-bottom-right\"><\/div><a href=\"http:\/\/www.riewada.de\/wordpress\/wp-content\/uploads\/2016\/04\/Museum-Kunstpalast3-2.jpg\" class=\"envira-gallery-199 envira-gallery-link\" rel=\"enviragallery199\" title=\"Museum Kunstpalast\" data-envira-caption=\"Museum Kunstpalast\" data-envira-retina=\"\" data-thumbnail=\"\"  itemprop=\"contentUrl\"><img decoding=\"async\" id=\"envira-gallery-image-627\" class=\"envira-gallery-image envira-gallery-image-5\" data-envira-index=\"5\" src=\"https:\/\/www.riewada.de\/wordpress\/wp-content\/uploads\/2016\/04\/Museum-Kunstpalast3-2-300x300_c.jpg\" data-envira-src=\"https:\/\/www.riewada.de\/wordpress\/wp-content\/uploads\/2016\/04\/Museum-Kunstpalast3-2-300x300_c.jpg\" data-envira-gallery-id=\"199\" data-envira-item-id=\"627\" data-envira-caption=\"Museum Kunstpalast\" alt=\"Museum Kunstpalast\" title=\"Museum Kunstpalast\"  itemprop=\"thumbnailUrl\" data-envira-srcset=\"https:\/\/www.riewada.de\/wordpress\/wp-content\/uploads\/2016\/04\/Museum-Kunstpalast3-2-300x300_c.jpg 400w,https:\/\/www.riewada.de\/wordpress\/wp-content\/uploads\/2016\/04\/Museum-Kunstpalast3-2-300x300_c.jpg 2x\" srcset=\"https:\/\/www.riewada.de\/wordpress\/wp-content\/uploads\/2016\/04\/Museum-Kunstpalast3-2-600x600_c.jpg 2x\" \/><\/a><\/div><\/div><\/div><\/div><noscript><img decoding=\"async\" src=\"https:\/\/www.riewada.de\/wordpress\/wp-content\/uploads\/2016\/04\/Chinesische-Baner-1-1.jpg\" alt=\"Chinesisches-Banner\" \/><img decoding=\"async\" src=\"https:\/\/www.riewada.de\/wordpress\/wp-content\/uploads\/2016\/04\/IMG_0184-1.jpg\" alt=\"Banner Japan Tag\" \/><img decoding=\"async\" src=\"https:\/\/www.riewada.de\/wordpress\/wp-content\/uploads\/2016\/04\/Museum-Kunstpalast-1-2.jpg\" alt=\"Museum Kunstpalast\" \/><img decoding=\"async\" src=\"https:\/\/www.riewada.de\/wordpress\/wp-content\/uploads\/2016\/04\/Museum-Kunstpalast2-2.jpg\" alt=\"Museum Kunstpalast\" \/><img decoding=\"async\" src=\"https:\/\/www.riewada.de\/wordpress\/wp-content\/uploads\/2016\/04\/Museum-Kunstpalast3-2.jpg\" alt=\"Museum Kunstpalast\" \/><\/noscript><\/code><\/p>\n<p class=\"norm\">Auf den n\u00e4chsten Seiten pr\u00e4sentiert Rie Wada einen Ausschnitt ihres k\u00fcnstlerischen Schaffens der letzten 10 Jahre. Neben der schulm\u00e4\u00dfigen, klassischen japanischen Kalligraphie in der Tradition der alten Meister und deren abstrakter Verfremdung finden Sie auch Beispiele f\u00fcr farbenfrohe Objekte und moderne kalligraphische Malerei. Einige der dargestellten Werke sind mittlerweile verkauft.<\/p>\n<p>Bei Interesse k\u00f6nnen Sie selbstverst\u00e4ndlich einen Atelierbesuch mit Rie Wada vereinbaren<\/p>\n\n<table id=\"tablepress-4\" class=\"tablepress tablepress-id-4\">\n<tbody class=\"row-striping\">\n<tr class=\"row-1\">\n\t<td class=\"column-1\">1988<\/td><td class=\"column-2\">Eins von Hundert Nr.4, K\u00f6ln<\/td>\n<\/tr>\n<tr class=\"row-2\">\n\t<td class=\"column-1\">1989<\/td><td class=\"column-2\">ON PAPER GALLERY<br \/>\n1st Issue International Edition P45, Japan<br \/>\n<\/td>\n<\/tr>\n<tr class=\"row-3\">\n\t<td class=\"column-1\">1989<\/td><td class=\"column-2\">Japan Typography Jahrbuch, Japan<\/td>\n<\/tr>\n<tr class=\"row-4\">\n\t<td class=\"column-1\">1990<\/td><td class=\"column-2\">Jahrbuch der K\u00fcnstler<br \/>\nVer\u00f6ffentlichungen von 1990 bis heute, Japan<br \/>\n<\/td>\n<\/tr>\n<tr class=\"row-5\">\n\t<td class=\"column-1\">1991<\/td><td class=\"column-2\">Maihime<br \/>\nFilmplakat f\u00fcr das japanische Kulturinstitut, K\u00f6ln<br \/>\n<\/td>\n<\/tr>\n<tr class=\"row-6\">\n\t<td class=\"column-1\">2003<\/td><td class=\"column-2\">Trio MusArto<br \/>\nCD-Cover f\u00fcr MGS Recordings, D\u00fcsseldorf<br \/>\n<\/td>\n<\/tr>\n<tr class=\"row-7\">\n\t<td class=\"column-1\">2004<\/td><td class=\"column-2\">K\u00fcnstlerhandbuch im Internet, Kulturamt D\u00fcsseldorf<\/td>\n<\/tr>\n<tr class=\"row-8\">\n\t<td class=\"column-1\">2007<\/td><td class=\"column-2\">Kalligraphie f\u00fcr Takeda-Pharma, Werbung<\/td>\n<\/tr>\n<tr class=\"row-9\">\n\t<td class=\"column-1\">2008<\/td><td class=\"column-2\">Kalligraphie f\u00fcr Takeda-Pharma, Werbung<\/td>\n<\/tr>\n<tr class=\"row-10\">\n\t<td class=\"column-1\">2010<\/td><td class=\"column-2\">Titelschrift Kunstbuch \u201eEdo\u201c<\/td>\n<\/tr>\n<tr class=\"row-11\">\n\t<td class=\"column-1\">2011<\/td><td class=\"column-2\">Kalligraphie im Programheft Ruhtriennale<\/td>\n<\/tr>\n<tr class=\"row-12\">\n\t<td class=\"column-1\">2013<\/td><td class=\"column-2\">Plakat f\u00fcr Asics<\/td>\n<\/tr>\n<tr class=\"row-13\">\n\t<td class=\"column-1\">2014<\/td><td class=\"column-2\">Matthias Scheffel-Solo Piano\"Reflexions\"<br \/>\nCD-Cover<\/td>\n<\/tr>\n<tr class=\"row-14\">\n\t<td class=\"column-1\">2015<\/td><td class=\"column-2\">Kalligraphie als Wandtatoo f\u00fcr die Ausstellung \" Japaner in Murano\" im Glasmuseum Hentrich im Museum           Kunstpalast, D\u00fcsseldorf <\/td>\n<\/tr>\n<tr class=\"row-15\">\n\t<td class=\"column-1\">2017<\/td><td class=\"column-2\">Kalligraphie f\u00fcr Ausstellungskatalog \"Japanisches Glas heute\" Glasmuseum Fraunau <\/td>\n<\/tr>\n<\/tbody>\n<\/table>\n\n","protected":false},"excerpt":{"rendered":"<p>Auf den n\u00e4chsten Seiten pr\u00e4sentiert Rie Wada einen Ausschnitt ihres k\u00fcnstlerischen Schaffens der letzten 10 Jahre. Neben der schulm\u00e4\u00dfigen, klassischen japanischen Kalligraphie in der Tradition der alten Meister und deren abstrakter Verfremdung finden Sie auch Beispiele f\u00fcr farbenfrohe Objekte und moderne kalligraphische Malerei. Einige der dargestellten Werke sind mittlerweile verkauft. Bei Interesse k\u00f6nnen Sie selbstverst\u00e4ndlich&#8230;<\/p>\n","protected":false},"author":1,"featured_media":0,"parent":0,"menu_order":50,"comment_status":"closed","ping_status":"closed","template":"","meta":{"footnotes":""},"class_list":["post-96","page","type-page","status-publish","hentry"],"_links":{"self":[{"href":"https:\/\/www.riewada.de\/wordpress\/wp-json\/wp\/v2\/pages\/96","targetHints":{"allow":["GET"]}}],"collection":[{"href":"https:\/\/www.riewada.de\/wordpress\/wp-json\/wp\/v2\/pages"}],"about":[{"href":"https:\/\/www.riewada.de\/wordpress\/wp-json\/wp\/v2\/types\/page"}],"author":[{"embeddable":true,"href":"https:\/\/www.riewada.de\/wordpress\/wp-json\/wp\/v2\/users\/1"}],"replies":[{"embeddable":true,"href":"https:\/\/www.riewada.de\/wordpress\/wp-json\/wp\/v2\/comments?post=96"}],"version-history":[{"count":26,"href":"https:\/\/www.riewada.de\/wordpress\/wp-json\/wp\/v2\/pages\/96\/revisions"}],"predecessor-version":[{"id":354,"href":"https:\/\/www.riewada.de\/wordpress\/wp-json\/wp\/v2\/pages\/96\/revisions\/354"}],"wp:attachment":[{"href":"https:\/\/www.riewada.de\/wordpress\/wp-json\/wp\/v2\/media?parent=96"}],"curies":[{"name":"wp","href":"https:\/\/api.w.org\/{rel}","templated":true}]}}